{"id":8,"date":"2022-09-02T17:04:00","date_gmt":"2022-09-02T17:04:00","guid":{"rendered":"https:\/\/horizontedehistorias.com\/index.php\/contact-us\/"},"modified":"2024-01-17T16:41:53","modified_gmt":"2024-01-17T16:41:53","slug":"regulamentoantigo","status":"publish","type":"page","link":"https:\/\/horizontedehistorias.com\/index.php\/home-2\/home-antiga\/regulamentoantigo\/","title":{"rendered":"Regulamento e Inscri\u00e7\u00e3o Antiga"},"content":{"rendered":"\t\t<div data-elementor-type=\"wp-page\" data-elementor-id=\"8\" class=\"elementor elementor-8\">\n\t\t\t\t\t\t<section class=\"elementor-section elementor-top-section elementor-element elementor-element-77f46da elementor-section-boxed elementor-section-height-default elementor-section-height-default\" data-id=\"77f46da\" data-element_type=\"section\">\n\t\t\t\t\t\t<div class=\"elementor-container elementor-column-gap-default\">\n\t\t\t\t\t<div class=\"elementor-column elementor-col-100 elementor-top-column elementor-element elementor-element-3598fff\" data-id=\"3598fff\" data-element_type=\"column\">\n\t\t\t<div class=\"elementor-widget-wrap elementor-element-populated\">\n\t\t\t\t\t\t<div class=\"elementor-element elementor-element-d69e5f4 elementor-widget elementor-widget-menu-anchor\" data-id=\"d69e5f4\" data-element_type=\"widget\" data-widget_type=\"menu-anchor.default\">\n\t\t\t\t<div class=\"elementor-widget-container\">\n\t\t\t<style>\/*! elementor - v3.19.0 - 07-02-2024 *\/\nbody.elementor-page .elementor-widget-menu-anchor{margin-bottom:0}<\/style>\t\t<div id=\"inscricao\" class=\"elementor-menu-anchor\"><\/div>\n\t\t\t\t<\/div>\n\t\t\t\t<\/div>\n\t\t\t\t<div class=\"elementor-element elementor-element-e17db83 elementor-widget elementor-widget-heading\" data-id=\"e17db83\" data-element_type=\"widget\" data-widget_type=\"heading.default\">\n\t\t\t\t<div class=\"elementor-widget-container\">\n\t\t\t<style>\/*! elementor - v3.19.0 - 07-02-2024 *\/\n.elementor-heading-title{padding:0;margin:0;line-height:1}.elementor-widget-heading .elementor-heading-title[class*=elementor-size-]>a{color:inherit;font-size:inherit;line-height:inherit}.elementor-widget-heading .elementor-heading-title.elementor-size-small{font-size:15px}.elementor-widget-heading .elementor-heading-title.elementor-size-medium{font-size:19px}.elementor-widget-heading .elementor-heading-title.elementor-size-large{font-size:29px}.elementor-widget-heading .elementor-heading-title.elementor-size-xl{font-size:39px}.elementor-widget-heading .elementor-heading-title.elementor-size-xxl{font-size:59px}<\/style><h2 class=\"elementor-heading-title elementor-size-default\">inscri\u00e7\u00f5es para as oficinas encerradas<\/h2>\t\t<\/div>\n\t\t\t\t<\/div>\n\t\t\t\t\t<\/div>\n\t\t<\/div>\n\t\t\t\t\t<\/div>\n\t\t<\/section>\n\t\t\t\t<section class=\"elementor-section elementor-top-section elementor-element elementor-element-f994606 elementor-section-boxed elementor-section-height-default elementor-section-height-default\" data-id=\"f994606\" data-element_type=\"section\">\n\t\t\t\t\t\t<div class=\"elementor-container elementor-column-gap-default\">\n\t\t\t\t\t<div class=\"elementor-column elementor-col-100 elementor-top-column elementor-element elementor-element-86946dc\" data-id=\"86946dc\" data-element_type=\"column\">\n\t\t\t<div class=\"elementor-widget-wrap elementor-element-populated\">\n\t\t\t\t\t\t<div class=\"elementor-element elementor-element-98c8d27 elementor-drop-cap-yes elementor-drop-cap-view-default elementor-widget elementor-widget-text-editor\" data-id=\"98c8d27\" data-element_type=\"widget\" data-settings=\"{&quot;drop_cap&quot;:&quot;yes&quot;}\" data-widget_type=\"text-editor.default\">\n\t\t\t\t<div class=\"elementor-widget-container\">\n\t\t\t<style>\/*! elementor - v3.19.0 - 07-02-2024 *\/\n.elementor-widget-text-editor.elementor-drop-cap-view-stacked .elementor-drop-cap{background-color:#69727d;color:#fff}.elementor-widget-text-editor.elementor-drop-cap-view-framed .elementor-drop-cap{color:#69727d;border:3px solid;background-color:transparent}.elementor-widget-text-editor:not(.elementor-drop-cap-view-default) .elementor-drop-cap{margin-top:8px}.elementor-widget-text-editor:not(.elementor-drop-cap-view-default) .elementor-drop-cap-letter{width:1em;height:1em}.elementor-widget-text-editor .elementor-drop-cap{float:left;text-align:center;line-height:1;font-size:50px}.elementor-widget-text-editor .elementor-drop-cap-letter{display:inline-block}<\/style>\t\t\t\t<p>O <strong>II Festival Horizonte de Hist\u00f3rias<\/strong> oferece duas oficinas online, gratuitas, para todo o Brasil.<\/p><ol><li><strong>Conta\u00e7\u00e3o de Hist\u00f3rias para V\u00eddeo.<\/strong> Dias 10 e 11\/10, das 19h \u00e0s 20h, com Jorge Marinho.<\/li><li><strong>Conta\u00e7\u00e3o de Povos e Mitos Tradicionais.<\/strong> Dias 10 e 11\/10, das 15h \u00e0s 16h, com Dya Kassembe.<\/li><\/ol><p>As inscri\u00e7\u00f5es seguem <strong>at\u00e9 7.10,<\/strong> e o participante <strong>pode<\/strong> escolher <strong>as duas oficinas.<\/strong><\/p><p>O @horizontedehistorias tem patroc\u00ednio do Fundo de Apoio \u00e0 Cultura (FAC) e \u00e9 uma realiza\u00e7\u00e3o do @institutocidadeceu<\/p>\t\t\t\t\t\t<\/div>\n\t\t\t\t<\/div>\n\t\t\t\t\t<\/div>\n\t\t<\/div>\n\t\t\t\t\t<\/div>\n\t\t<\/section>\n\t\t\t\t<section class=\"elementor-section elementor-top-section elementor-element elementor-element-26cb7be elementor-section-boxed elementor-section-height-default elementor-section-height-default\" data-id=\"26cb7be\" data-element_type=\"section\">\n\t\t\t\t\t\t<div class=\"elementor-container elementor-column-gap-default\">\n\t\t\t\t\t<div class=\"elementor-column elementor-col-100 elementor-top-column elementor-element elementor-element-f11014a\" data-id=\"f11014a\" data-element_type=\"column\">\n\t\t\t<div class=\"elementor-widget-wrap elementor-element-populated\">\n\t\t\t\t\t\t<div class=\"elementor-element elementor-element-c6fce6b elementor-widget elementor-widget-heading\" data-id=\"c6fce6b\" data-element_type=\"widget\" data-widget_type=\"heading.default\">\n\t\t\t\t<div class=\"elementor-widget-container\">\n\t\t\t<h2 class=\"elementor-heading-title elementor-size-default\">Regulamento<\/h2>\t\t<\/div>\n\t\t\t\t<\/div>\n\t\t\t\t\t<\/div>\n\t\t<\/div>\n\t\t\t\t\t<\/div>\n\t\t<\/section>\n\t\t\t\t<section class=\"elementor-section elementor-top-section elementor-element elementor-element-2cafa40 elementor-section-boxed elementor-section-height-default elementor-section-height-default\" data-id=\"2cafa40\" data-element_type=\"section\">\n\t\t\t\t\t\t<div class=\"elementor-container elementor-column-gap-default\">\n\t\t\t\t\t<div class=\"elementor-column elementor-col-100 elementor-top-column elementor-element elementor-element-0b4e5bf\" data-id=\"0b4e5bf\" data-element_type=\"column\">\n\t\t\t<div class=\"elementor-widget-wrap elementor-element-populated\">\n\t\t\t\t\t\t<div class=\"elementor-element elementor-element-e5b2f73 elementor-drop-cap-yes elementor-drop-cap-view-default elementor-widget elementor-widget-text-editor\" data-id=\"e5b2f73\" data-element_type=\"widget\" data-settings=\"{&quot;drop_cap&quot;:&quot;yes&quot;}\" data-widget_type=\"text-editor.default\">\n\t\t\t\t<div class=\"elementor-widget-container\">\n\t\t\t\t\t\t\t<p>O Instituto Cidade C\u00e9u de Arte, Educa\u00e7\u00e3o e Cultura abre as inscri\u00e7\u00f5es para a<br \/>participa\u00e7\u00e3o de contadores e contadoras de hist\u00f3rias na grade de programa\u00e7\u00e3o<br \/>do 2\u2022 Festival Horizonte de Hist\u00f3rias, projeto executado com recursos do Fundo<br \/>de Apoio \u00e0 Cultura do Distrito Federal, a ser realizado entre 12 e 16 de outubro<br \/>de 2022 no Espa\u00e7o Cultural Renato Russo (ECRR\/508 Sul).<br \/>As inscri\u00e7\u00f5es s\u00e3o gratuitas e est\u00e3o abertas entre os dias 8 a 18 de setembro<br \/>de 2022 (at\u00e9 as 23h59).<\/p><p>Podem participar profissionais da arte de contar hist\u00f3rias, maiores de 18 anos,<br \/>e residentes no Distrito Federal.<br \/>A conta\u00e7\u00e3o poder\u00e1 ser individual ou em grupo.<br \/>Cada grupo ou artista poder\u00e1 realizar somente uma inscri\u00e7\u00e3o.<br \/>A hist\u00f3ria a ser contada pode ser de autoria do participante, ser uma<br \/>produ\u00e7\u00e3o liter\u00e1ria registrada por terceiros ou ser de dom\u00ednio p\u00fablico.<br \/>Sendo a hist\u00f3ria uma produ\u00e7\u00e3o liter\u00e1ria autoral, o participante dever\u00e1<br \/>anexar \u00e0 autoriza\u00e7\u00e3o dos direitos autorais no momento da inscri\u00e7\u00e3o.<br \/>A tem\u00e1tica \u00e9 livre, contudo hist\u00f3rias inscritas n\u00e3o poder\u00e3o conter<br \/>conte\u00fado:<\/p><p>I) discriminat\u00f3rio em g\u00eanero, ra\u00e7a e sexualidade.<br \/>II) que incentive \u00e0 viol\u00eancia;<br \/>III) que exponha ao constrangimento f\u00edsico e moral;<br \/>IV) que tenha car\u00e1ter pol\u00edtico partid\u00e1rio e\/ou religioso.<br \/>A hist\u00f3ria dever\u00e1 ter o m\u00ednimo de 07 (sete) minutos, o m\u00e1ximo de 20<br \/>(vinte) e o candidato dever\u00e1 enviar link de v\u00eddeo com a hist\u00f3ria que estar\u00e1<br \/>concorrendo.<\/p><p>Os v\u00eddeos devem estar suportados nas redes sociais em perfil p\u00fablico<br \/>(Instagram, Facebook e YouTube) ou em plataformas de exibi\u00e7\u00e3o<br \/>(Vimeo). Em caso de v\u00eddeos restritos, dever\u00e1 ser fornecida a senha.<br \/>As hist\u00f3rias inscritas ser\u00e3o avaliadas por Comiss\u00e3o de Sele\u00e7\u00e3o em<br \/>quesitos como<br \/>a) Qualidade da hist\u00f3ria;<br \/>b) Desempenho na apresenta\u00e7\u00e3o;<br \/>c) For\u00e7a da oralidade e<br \/>d) Criatividade.<br \/>Ser\u00e3o selecionadas 16 hist\u00f3rias, sendo uma delas indicadas para se<br \/>apresentar em escola p\u00fablica.<\/p><p>As hist\u00f3rias selecionadas receber\u00e3o um cach\u00ea de R$700,00 (setecentos<br \/>reais) mediante apresenta\u00e7\u00e3o de nota fiscal.<br \/>Os selecionados ser\u00e3o avisados por e-mail e pelas redes sociais do<br \/>Instituto Cidade C\u00e9u de Arte, Educa\u00e7\u00e3o e Cultura.<br \/>Os selecionados dever\u00e3o preencher e assinar o Termo de Autoriza\u00e7\u00e3o de<br \/>Uso de Imagem, disponibilizado ap\u00f3s sele\u00e7\u00e3o no e-mail do candidato e<br \/>reenviar o termo assinado para a comiss\u00e3o organizadora, no e-mail<br \/>institutocidadeceu@gmail.com.<\/p><p>Em caso de d\u00favidas, enviar e-mail institutocidadeceu@gmail.com.<br \/>O ato de inscri\u00e7\u00e3o implica a aceita\u00e7\u00e3o plena das condi\u00e7\u00f5es estabelecidas<br \/>neste regulamento.<\/p>\t\t\t\t\t\t<\/div>\n\t\t\t\t<\/div>\n\t\t\t\t\t<\/div>\n\t\t<\/div>\n\t\t\t\t\t<\/div>\n\t\t<\/section>\n\t\t\t\t<section class=\"elementor-section elementor-top-section elementor-element elementor-element-e9c7961 elementor-section-boxed elementor-section-height-default elementor-section-height-default\" data-id=\"e9c7961\" data-element_type=\"section\">\n\t\t\t\t\t\t<div class=\"elementor-container elementor-column-gap-default\">\n\t\t\t\t\t<div class=\"elementor-column elementor-col-100 elementor-top-column elementor-element elementor-element-4659cb8\" data-id=\"4659cb8\" data-element_type=\"column\">\n\t\t\t<div class=\"elementor-widget-wrap elementor-element-populated\">\n\t\t\t\t\t\t<div class=\"elementor-element elementor-element-20cd129 elementor-widget elementor-widget-heading\" data-id=\"20cd129\" data-element_type=\"widget\" data-widget_type=\"heading.default\">\n\t\t\t\t<div class=\"elementor-widget-container\">\n\t\t\t<h2 class=\"elementor-heading-title elementor-size-default\">Inscri\u00e7\u00f5es do festival encerradas<\/h2>\t\t<\/div>\n\t\t\t\t<\/div>\n\t\t\t\t\t<\/div>\n\t\t<\/div>\n\t\t\t\t\t<\/div>\n\t\t<\/section>\n\t\t\t\t<section class=\"elementor-section elementor-top-section elementor-element elementor-element-497270a elementor-section-boxed elementor-section-height-default elementor-section-height-default\" data-id=\"497270a\" data-element_type=\"section\">\n\t\t\t\t\t\t<div class=\"elementor-container elementor-column-gap-default\">\n\t\t\t\t\t<div class=\"elementor-column elementor-col-100 elementor-top-column elementor-element elementor-element-97ed756\" data-id=\"97ed756\" data-element_type=\"column\">\n\t\t\t<div class=\"elementor-widget-wrap elementor-element-populated\">\n\t\t\t\t\t\t<div class=\"elementor-element elementor-element-f3e396b elementor-widget elementor-widget-image\" data-id=\"f3e396b\" data-element_type=\"widget\" data-widget_type=\"image.default\">\n\t\t\t\t<div class=\"elementor-widget-container\">\n\t\t\t<style>\/*! elementor - v3.19.0 - 07-02-2024 *\/\n.elementor-widget-image{text-align:center}.elementor-widget-image a{display:inline-block}.elementor-widget-image a img[src$=\".svg\"]{width:48px}.elementor-widget-image img{vertical-align:middle;display:inline-block}<\/style>\t\t\t\t\t\t\t\t\t\t<img fetchpriority=\"high\" decoding=\"async\" width=\"800\" height=\"80\" src=\"https:\/\/horizontedehistorias.com\/wp-content\/uploads\/2022\/09\/Barra-de-Marcas.png\" class=\"attachment-large size-large wp-image-293\" alt=\"\" srcset=\"https:\/\/horizontedehistorias.com\/wp-content\/uploads\/2022\/09\/Barra-de-Marcas.png 1000w, https:\/\/horizontedehistorias.com\/wp-content\/uploads\/2022\/09\/Barra-de-Marcas-300x30.png 300w, https:\/\/horizontedehistorias.com\/wp-content\/uploads\/2022\/09\/Barra-de-Marcas-768x77.png 768w\" sizes=\"(max-width: 800px) 100vw, 800px\" \/>\t\t\t\t\t\t\t\t\t\t\t\t\t<\/div>\n\t\t\t\t<\/div>\n\t\t\t\t\t<\/div>\n\t\t<\/div>\n\t\t\t\t\t<\/div>\n\t\t<\/section>\n\t\t\t\t<\/div>\n\t\t","protected":false},"excerpt":{"rendered":"<p>inscri\u00e7\u00f5es para as oficinas encerradas O II Festival Horizonte de Hist\u00f3rias oferece duas oficinas online, gratuitas, para todo o Brasil. Conta\u00e7\u00e3o de Hist\u00f3rias para V\u00eddeo. Dias 10 e 11\/10, das 19h \u00e0s 20h, com Jorge Marinho. Conta\u00e7\u00e3o de Povos e Mitos Tradicionais. Dias 10 e 11\/10, das 15h \u00e0s 16h, com Dya Kassembe. As inscri\u00e7\u00f5es [&hellip;]<\/p>\n","protected":false},"author":1,"featured_media":0,"parent":27,"menu_order":0,"comment_status":"closed","ping_status":"closed","template":"elementor_header_footer","meta":{"om_disable_all_campaigns":false,"_monsterinsights_skip_tracking":false,"_monsterinsights_sitenote_active":false,"_monsterinsights_sitenote_note":"","_monsterinsights_sitenote_category":0,"footnotes":""},"class_list":["post-8","page","type-page","status-publish","hentry"],"aioseo_notices":[],"_links":{"self":[{"href":"https:\/\/horizontedehistorias.com\/index.php\/wp-json\/wp\/v2\/pages\/8","targetHints":{"allow":["GET"]}}],"collection":[{"href":"https:\/\/horizontedehistorias.com\/index.php\/wp-json\/wp\/v2\/pages"}],"about":[{"href":"https:\/\/horizontedehistorias.com\/index.php\/wp-json\/wp\/v2\/types\/page"}],"author":[{"embeddable":true,"href":"https:\/\/horizontedehistorias.com\/index.php\/wp-json\/wp\/v2\/users\/1"}],"replies":[{"embeddable":true,"href":"https:\/\/horizontedehistorias.com\/index.php\/wp-json\/wp\/v2\/comments?post=8"}],"version-history":[{"count":80,"href":"https:\/\/horizontedehistorias.com\/index.php\/wp-json\/wp\/v2\/pages\/8\/revisions"}],"predecessor-version":[{"id":994,"href":"https:\/\/horizontedehistorias.com\/index.php\/wp-json\/wp\/v2\/pages\/8\/revisions\/994"}],"up":[{"embeddable":true,"href":"https:\/\/horizontedehistorias.com\/index.php\/wp-json\/wp\/v2\/pages\/27"}],"wp:attachment":[{"href":"https:\/\/horizontedehistorias.com\/index.php\/wp-json\/wp\/v2\/media?parent=8"}],"curies":[{"name":"wp","href":"https:\/\/api.w.org\/{rel}","templated":true}]}}