{"id":387,"date":"2022-10-07T14:20:12","date_gmt":"2022-10-07T14:20:12","guid":{"rendered":"https:\/\/horizontedehistorias.com\/?page_id=387"},"modified":"2024-01-17T16:41:38","modified_gmt":"2024-01-17T16:41:38","slug":"programacao-antiga","status":"publish","type":"page","link":"https:\/\/horizontedehistorias.com\/index.php\/home-2\/home-antiga\/programacao-antiga\/","title":{"rendered":"Programa\u00e7\u00e3o Antiga"},"content":{"rendered":"\t\t<div data-elementor-type=\"wp-page\" data-elementor-id=\"387\" class=\"elementor elementor-387\">\n\t\t\t\t\t\t<section class=\"elementor-section elementor-top-section elementor-element elementor-element-1392c63 elementor-section-boxed elementor-section-height-default elementor-section-height-default\" data-id=\"1392c63\" data-element_type=\"section\">\n\t\t\t\t\t\t<div class=\"elementor-container elementor-column-gap-default\">\n\t\t\t\t\t<div class=\"elementor-column elementor-col-100 elementor-top-column elementor-element elementor-element-4bf621a\" data-id=\"4bf621a\" data-element_type=\"column\">\n\t\t\t<div class=\"elementor-widget-wrap elementor-element-populated\">\n\t\t\t\t\t\t<div class=\"elementor-element elementor-element-94f8720 elementor-widget elementor-widget-menu-anchor\" data-id=\"94f8720\" data-element_type=\"widget\" data-widget_type=\"menu-anchor.default\">\n\t\t\t\t<div class=\"elementor-widget-container\">\n\t\t\t<style>\/*! elementor - v3.19.0 - 07-02-2024 *\/\nbody.elementor-page .elementor-widget-menu-anchor{margin-bottom:0}<\/style>\t\t<div id=\"programao\" class=\"elementor-menu-anchor\"><\/div>\n\t\t\t\t<\/div>\n\t\t\t\t<\/div>\n\t\t\t\t\t<\/div>\n\t\t<\/div>\n\t\t\t\t\t<\/div>\n\t\t<\/section>\n\t\t\t\t<section class=\"elementor-section elementor-top-section elementor-element elementor-element-224cc13 elementor-section-boxed elementor-section-height-default elementor-section-height-default\" data-id=\"224cc13\" data-element_type=\"section\">\n\t\t\t\t\t\t<div class=\"elementor-container elementor-column-gap-default\">\n\t\t\t\t\t<div class=\"elementor-column elementor-col-100 elementor-top-column elementor-element elementor-element-cb37c3c\" data-id=\"cb37c3c\" data-element_type=\"column\">\n\t\t\t<div class=\"elementor-widget-wrap elementor-element-populated\">\n\t\t\t\t\t\t<div class=\"elementor-element elementor-element-02c5152 elementor-widget elementor-widget-heading\" data-id=\"02c5152\" data-element_type=\"widget\" data-widget_type=\"heading.default\">\n\t\t\t\t<div class=\"elementor-widget-container\">\n\t\t\t<style>\/*! elementor - v3.19.0 - 07-02-2024 *\/\n.elementor-heading-title{padding:0;margin:0;line-height:1}.elementor-widget-heading .elementor-heading-title[class*=elementor-size-]>a{color:inherit;font-size:inherit;line-height:inherit}.elementor-widget-heading .elementor-heading-title.elementor-size-small{font-size:15px}.elementor-widget-heading .elementor-heading-title.elementor-size-medium{font-size:19px}.elementor-widget-heading .elementor-heading-title.elementor-size-large{font-size:29px}.elementor-widget-heading .elementor-heading-title.elementor-size-xl{font-size:39px}.elementor-widget-heading .elementor-heading-title.elementor-size-xxl{font-size:59px}<\/style><h2 class=\"elementor-heading-title elementor-size-default\">Programa\u00e7\u00e3o<\/h2>\t\t<\/div>\n\t\t\t\t<\/div>\n\t\t\t\t\t<\/div>\n\t\t<\/div>\n\t\t\t\t\t<\/div>\n\t\t<\/section>\n\t\t\t\t<section class=\"elementor-section elementor-top-section elementor-element elementor-element-be69a54 elementor-section-boxed elementor-section-height-default elementor-section-height-default\" data-id=\"be69a54\" data-element_type=\"section\">\n\t\t\t\t\t\t<div class=\"elementor-container elementor-column-gap-default\">\n\t\t\t\t\t<div class=\"elementor-column elementor-col-100 elementor-top-column elementor-element elementor-element-060d5b9\" data-id=\"060d5b9\" data-element_type=\"column\">\n\t\t\t<div class=\"elementor-widget-wrap elementor-element-populated\">\n\t\t\t\t\t\t<div class=\"elementor-element elementor-element-a7a7681 elementor-tabs-view-vertical elementor-invisible elementor-widget elementor-widget-tabs\" data-id=\"a7a7681\" data-element_type=\"widget\" data-settings=\"{&quot;_animation&quot;:&quot;fadeIn&quot;}\" data-widget_type=\"tabs.default\">\n\t\t\t\t<div class=\"elementor-widget-container\">\n\t\t\t<style>\/*! elementor - v3.19.0 - 07-02-2024 *\/\n.elementor-widget-tabs.elementor-tabs-view-vertical .elementor-tabs-wrapper{width:25%;flex-shrink:0}.elementor-widget-tabs.elementor-tabs-view-vertical .elementor-tab-desktop-title.elementor-active{border-right-style:none}.elementor-widget-tabs.elementor-tabs-view-vertical .elementor-tab-desktop-title.elementor-active:after,.elementor-widget-tabs.elementor-tabs-view-vertical .elementor-tab-desktop-title.elementor-active:before{height:999em;width:0;right:0;border-right-style:solid}.elementor-widget-tabs.elementor-tabs-view-vertical .elementor-tab-desktop-title.elementor-active:before{top:0;transform:translateY(-100%)}.elementor-widget-tabs.elementor-tabs-view-vertical .elementor-tab-desktop-title.elementor-active:after{top:100%}.elementor-widget-tabs.elementor-tabs-view-horizontal .elementor-tab-desktop-title{display:table-cell}.elementor-widget-tabs.elementor-tabs-view-horizontal .elementor-tab-desktop-title.elementor-active{border-bottom-style:none}.elementor-widget-tabs.elementor-tabs-view-horizontal .elementor-tab-desktop-title.elementor-active:after,.elementor-widget-tabs.elementor-tabs-view-horizontal .elementor-tab-desktop-title.elementor-active:before{bottom:0;height:0;width:999em;border-bottom-style:solid}.elementor-widget-tabs.elementor-tabs-view-horizontal .elementor-tab-desktop-title.elementor-active:before{right:100%}.elementor-widget-tabs.elementor-tabs-view-horizontal .elementor-tab-desktop-title.elementor-active:after{left:100%}.elementor-widget-tabs .elementor-tab-content,.elementor-widget-tabs .elementor-tab-title,.elementor-widget-tabs .elementor-tab-title:after,.elementor-widget-tabs .elementor-tab-title:before,.elementor-widget-tabs .elementor-tabs-content-wrapper{border:1px #d5d8dc}.elementor-widget-tabs .elementor-tabs{text-align:left}.elementor-widget-tabs .elementor-tabs-wrapper{overflow:hidden}.elementor-widget-tabs .elementor-tab-title{cursor:pointer;outline:var(--focus-outline,none)}.elementor-widget-tabs .elementor-tab-desktop-title{position:relative;padding:20px 25px;font-weight:700;line-height:1;border:solid transparent}.elementor-widget-tabs .elementor-tab-desktop-title.elementor-active{border-color:#d5d8dc}.elementor-widget-tabs .elementor-tab-desktop-title.elementor-active:after,.elementor-widget-tabs .elementor-tab-desktop-title.elementor-active:before{display:block;content:\"\";position:absolute}.elementor-widget-tabs .elementor-tab-desktop-title:focus-visible{border:1px solid #000}.elementor-widget-tabs .elementor-tab-mobile-title{padding:10px;cursor:pointer}.elementor-widget-tabs .elementor-tab-content{padding:20px;display:none}@media (max-width:767px){.elementor-tabs .elementor-tab-content,.elementor-tabs .elementor-tab-title{border-style:solid solid none}.elementor-tabs .elementor-tabs-wrapper{display:none}.elementor-tabs .elementor-tabs-content-wrapper{border-bottom-style:solid}.elementor-tabs .elementor-tab-content{padding:10px}}@media (min-width:768px){.elementor-widget-tabs.elementor-tabs-view-vertical .elementor-tabs{display:flex}.elementor-widget-tabs.elementor-tabs-view-vertical .elementor-tabs-wrapper{flex-direction:column}.elementor-widget-tabs.elementor-tabs-view-vertical .elementor-tabs-content-wrapper{flex-grow:1;border-style:solid solid solid none}.elementor-widget-tabs.elementor-tabs-view-horizontal .elementor-tab-content{border-style:none solid solid}.elementor-widget-tabs.elementor-tabs-alignment-center .elementor-tabs-wrapper,.elementor-widget-tabs.elementor-tabs-alignment-end .elementor-tabs-wrapper,.elementor-widget-tabs.elementor-tabs-alignment-stretch .elementor-tabs-wrapper{display:flex}.elementor-widget-tabs.elementor-tabs-alignment-center .elementor-tabs-wrapper{justify-content:center}.elementor-widget-tabs.elementor-tabs-alignment-end .elementor-tabs-wrapper{justify-content:flex-end}.elementor-widget-tabs.elementor-tabs-alignment-stretch.elementor-tabs-view-horizontal .elementor-tab-title{width:100%}.elementor-widget-tabs.elementor-tabs-alignment-stretch.elementor-tabs-view-vertical .elementor-tab-title{height:100%}.elementor-tabs .elementor-tab-mobile-title{display:none}}<\/style>\t\t<div class=\"elementor-tabs\">\n\t\t\t<div class=\"elementor-tabs-wrapper\" role=\"tablist\" >\n\t\t\t\t\t\t\t\t\t<div id=\"elementor-tab-title-1751\" class=\"elementor-tab-title elementor-tab-desktop-title\" aria-selected=\"true\" data-tab=\"1\" role=\"tab\" tabindex=\"0\" aria-controls=\"elementor-tab-content-1751\" aria-expanded=\"false\">7 de outubro<\/div>\n\t\t\t\t\t\t\t\t\t<div id=\"elementor-tab-title-1752\" class=\"elementor-tab-title elementor-tab-desktop-title\" aria-selected=\"false\" data-tab=\"2\" role=\"tab\" tabindex=\"-1\" aria-controls=\"elementor-tab-content-1752\" aria-expanded=\"false\">10 de outubro <\/div>\n\t\t\t\t\t\t\t\t\t<div id=\"elementor-tab-title-1753\" class=\"elementor-tab-title elementor-tab-desktop-title\" aria-selected=\"false\" data-tab=\"3\" role=\"tab\" tabindex=\"-1\" aria-controls=\"elementor-tab-content-1753\" aria-expanded=\"false\">11 de outubro <\/div>\n\t\t\t\t\t\t\t\t\t<div id=\"elementor-tab-title-1754\" class=\"elementor-tab-title elementor-tab-desktop-title\" aria-selected=\"false\" data-tab=\"4\" role=\"tab\" tabindex=\"-1\" aria-controls=\"elementor-tab-content-1754\" aria-expanded=\"false\">12 de outubro<\/div>\n\t\t\t\t\t\t\t\t\t<div id=\"elementor-tab-title-1755\" class=\"elementor-tab-title elementor-tab-desktop-title\" aria-selected=\"false\" data-tab=\"5\" role=\"tab\" tabindex=\"-1\" aria-controls=\"elementor-tab-content-1755\" aria-expanded=\"false\">13 de outubro<\/div>\n\t\t\t\t\t\t\t\t\t<div id=\"elementor-tab-title-1756\" class=\"elementor-tab-title elementor-tab-desktop-title\" aria-selected=\"false\" data-tab=\"6\" role=\"tab\" tabindex=\"-1\" aria-controls=\"elementor-tab-content-1756\" aria-expanded=\"false\">14 de outubro<\/div>\n\t\t\t\t\t\t\t\t\t<div id=\"elementor-tab-title-1757\" class=\"elementor-tab-title elementor-tab-desktop-title\" aria-selected=\"false\" data-tab=\"7\" role=\"tab\" tabindex=\"-1\" aria-controls=\"elementor-tab-content-1757\" aria-expanded=\"false\">15 de outubro <\/div>\n\t\t\t\t\t\t\t\t\t<div id=\"elementor-tab-title-1758\" class=\"elementor-tab-title elementor-tab-desktop-title\" aria-selected=\"false\" data-tab=\"8\" role=\"tab\" tabindex=\"-1\" aria-controls=\"elementor-tab-content-1758\" aria-expanded=\"false\">16 de outubro<\/div>\n\t\t\t\t\t\t\t<\/div>\n\t\t\t<div class=\"elementor-tabs-content-wrapper\" role=\"tablist\" aria-orientation=\"vertical\">\n\t\t\t\t\t\t\t\t\t<div class=\"elementor-tab-title elementor-tab-mobile-title\" aria-selected=\"true\" data-tab=\"1\" role=\"tab\" tabindex=\"0\" aria-controls=\"elementor-tab-content-1751\" aria-expanded=\"false\">7 de outubro<\/div>\n\t\t\t\t\t<div id=\"elementor-tab-content-1751\" class=\"elementor-tab-content elementor-clearfix\" data-tab=\"1\" role=\"tabpanel\" aria-labelledby=\"elementor-tab-title-1751\" tabindex=\"0\" hidden=\"false\"><ul><li style=\"font-weight: 400;\"><b>8h<\/b><span style=\"font-weight: 400;\"> &#8211; \u201cHist\u00f3rias de Bras\u00edlia\u201d, com Marcelo Ferreira, na Escola Classe 419 de Samambaia.<\/span><\/li><\/ul><\/div>\n\t\t\t\t\t\t\t\t\t<div class=\"elementor-tab-title elementor-tab-mobile-title\" aria-selected=\"false\" data-tab=\"2\" role=\"tab\" tabindex=\"-1\" aria-controls=\"elementor-tab-content-1752\" aria-expanded=\"false\">10 de outubro <\/div>\n\t\t\t\t\t<div id=\"elementor-tab-content-1752\" class=\"elementor-tab-content elementor-clearfix\" data-tab=\"2\" role=\"tabpanel\" aria-labelledby=\"elementor-tab-title-1752\" tabindex=\"0\" hidden=\"hidden\"><ul><li style=\"font-weight: 400;\"><b>15h<\/b><span style=\"font-weight: 400;\"> \u2013 Oficina \u201cConta\u00e7\u00e3o de Povos e Mitos Tradicionais\u201d, com o Grupo Dya Kassembe.<br \/><\/span><\/li><li><p style=\"font-weight: 400;\"><b>19h<\/b><span style=\"font-weight: 400;\"> \u2013 Oficina \u201cConta\u00e7\u00e3o em V\u00eddeo\u201d, com Jorge Marinho.<\/span><\/p><\/li><\/ul><p>\u00a0<\/p><\/div>\n\t\t\t\t\t\t\t\t\t<div class=\"elementor-tab-title elementor-tab-mobile-title\" aria-selected=\"false\" data-tab=\"3\" role=\"tab\" tabindex=\"-1\" aria-controls=\"elementor-tab-content-1753\" aria-expanded=\"false\">11 de outubro <\/div>\n\t\t\t\t\t<div id=\"elementor-tab-content-1753\" class=\"elementor-tab-content elementor-clearfix\" data-tab=\"3\" role=\"tabpanel\" aria-labelledby=\"elementor-tab-title-1753\" tabindex=\"0\" hidden=\"hidden\"><ul><li style=\"font-weight: 400;\"><b>15h<\/b><span style=\"font-weight: 400;\"> \u2013 Oficina \u201cConta\u00e7\u00e3o de Povos e Mitos Tradicionais\u201d, com o Grupo Dya Kassembe.<br \/><\/span><\/li><li><p style=\"font-weight: 400;\"><b>19h<\/b><span style=\"font-weight: 400;\"> \u2013 Oficina \u201cConta\u00e7\u00e3o em V\u00eddeo\u201d, com Jorge Marinho.<\/span><\/p><\/li><\/ul><p>\u00a0<\/p><\/div>\n\t\t\t\t\t\t\t\t\t<div class=\"elementor-tab-title elementor-tab-mobile-title\" aria-selected=\"false\" data-tab=\"4\" role=\"tab\" tabindex=\"-1\" aria-controls=\"elementor-tab-content-1754\" aria-expanded=\"false\">12 de outubro<\/div>\n\t\t\t\t\t<div id=\"elementor-tab-content-1754\" class=\"elementor-tab-content elementor-clearfix\" data-tab=\"4\" role=\"tabpanel\" aria-labelledby=\"elementor-tab-title-1754\" tabindex=\"0\" hidden=\"hidden\"><ul><li><p style=\"font-weight: 400;\"><b>16h<\/b><span style=\"font-weight: 400;\"> &#8211; \u201cSer Diferente \u00e9 Normal\u201d (Grupo Paepalanthus).<\/span><\/p><\/li><li><p style=\"font-weight: 400;\"><b>17h<\/b><span style=\"font-weight: 400;\"> &#8211; Lan\u00e7amento do livro \u201cGente Diferente e Interessante\u201d, de Rose Costa, com bate-papo com a autora.\u00a0<\/span><\/p><\/li><li><p style=\"font-weight: 400;\"><b>18h<\/b><span style=\"font-weight: 400;\"> \u2013 Roda de Conversa: \u201cConta\u00e7\u00e3o de hist\u00f3rias inclusivas, com narrativas e personagens que representam Pessoas com Defici\u00eancia, minorias LGBTQIAPN+ e povos tradicionais\u201d. Mediadora: Sissy Faveri. Debatedoras: Mei Mei Bastos e Rose Costa.<\/span><\/p><\/li><\/ul><\/div>\n\t\t\t\t\t\t\t\t\t<div class=\"elementor-tab-title elementor-tab-mobile-title\" aria-selected=\"false\" data-tab=\"5\" role=\"tab\" tabindex=\"-1\" aria-controls=\"elementor-tab-content-1755\" aria-expanded=\"false\">13 de outubro<\/div>\n\t\t\t\t\t<div id=\"elementor-tab-content-1755\" class=\"elementor-tab-content elementor-clearfix\" data-tab=\"5\" role=\"tabpanel\" aria-labelledby=\"elementor-tab-title-1755\" tabindex=\"0\" hidden=\"hidden\"><ul><li><p style=\"font-weight: 400;\"><b>16h<\/b><span style=\"font-weight: 400;\"> \u2013 \u201cLia<\/span> <span style=\"font-weight: 400;\">de Manak\u00e1 e suas Hist\u00f3rias, com Eliana Carneiro; \u201cAnansi, o Pr\u00edncipe das Hist\u00f3rias\u201d, com Rego J\u00fanior; \u201cRapunzel\u201d, com Queila Branco e \u201cEu Caio\u201d, com Telma Braga.<\/span><\/p><\/li><li><p style=\"font-weight: 400;\"><b>18h<\/b><span style=\"font-weight: 400;\"> &#8211; Roda de Conversa \u2013 \u201cConta\u00e7\u00e3o de hist\u00f3rias como um elo entre presente e passado\u201d. Mediadora: Aldanei Menegaz. Debatedores: \u00c2ngela Barcelos Caf\u00e9 e Jorge Marinho.<\/span><\/p><\/li><\/ul><\/div>\n\t\t\t\t\t\t\t\t\t<div class=\"elementor-tab-title elementor-tab-mobile-title\" aria-selected=\"false\" data-tab=\"6\" role=\"tab\" tabindex=\"-1\" aria-controls=\"elementor-tab-content-1756\" aria-expanded=\"false\">14 de outubro<\/div>\n\t\t\t\t\t<div id=\"elementor-tab-content-1756\" class=\"elementor-tab-content elementor-clearfix\" data-tab=\"6\" role=\"tabpanel\" aria-labelledby=\"elementor-tab-title-1756\" tabindex=\"0\" hidden=\"hidden\"><ul><li style=\"font-weight: 400;\"><b>16h<\/b><span style=\"font-weight: 400;\"> \u2013 \u201cT\u00e2mara e Tamarindo\u201d, com a Cia. Cafund\u00f3; \u201cAs Doze Janelas da Princesa\u201d (\u201cA Lebre do Mar\u201d), com Clarissa Portugal; \u201cA Galinha que Subiu ao C\u00e9u\u201d, com M\u00e1rcia Bittencourt e \u201cA Mulher Dengosa\u201d, com Ana Solino.<\/span><\/li><li><p style=\"font-weight: 400;\"><b>18h<\/b><span style=\"font-weight: 400;\"> \u2013 Roda de Conversa: \u201cAs Mulheres Contadoras &#8211; Uma Tradi\u00e7\u00e3o que Nasce em Casa\u201d. Mediadora:\u00a0 Aldanei Menegaz. Debatedoras: Nyedja Gennari e Telma Braga.<\/span><\/p><\/li><\/ul><p>\u00a0<\/p><\/div>\n\t\t\t\t\t\t\t\t\t<div class=\"elementor-tab-title elementor-tab-mobile-title\" aria-selected=\"false\" data-tab=\"7\" role=\"tab\" tabindex=\"-1\" aria-controls=\"elementor-tab-content-1757\" aria-expanded=\"false\">15 de outubro <\/div>\n\t\t\t\t\t<div id=\"elementor-tab-content-1757\" class=\"elementor-tab-content elementor-clearfix\" data-tab=\"7\" role=\"tabpanel\" aria-labelledby=\"elementor-tab-title-1757\" tabindex=\"0\" hidden=\"hidden\"><ul><li><p style=\"font-weight: 400;\"><b>16h<\/b><span style=\"font-weight: 400;\"> \u2013 \u201cA Boiada de Cachorro\u201d, com \u00c2ngela Caf\u00e9; \u201cO Mundo Azul de Samuel\u201d, com Nyedja Gennari; \u201cA Senhorinha\u201d, com Jorge Marinho; e \u201cCaravana das Alembran\u00e7as\u201d, com Luciana Meirelles.<\/span><\/p><\/li><li><p style=\"font-weight: 400;\"><b>18h<\/b><span style=\"font-weight: 400;\"> \u2013 Roda de Conversa: \u201cA Conta\u00e7\u00e3o de Hist\u00f3rias no DF &#8211; Panoramas, perspectivas e necessidade de cria\u00e7\u00e3o de um F\u00f3rum de Contadores de Hist\u00f3rias\u201d. Mediadora: Sissy Faveri. Debatedoras: Cristina Leite, \u00c2ngela Barcelos Caf\u00e9 e Grupo Paepalanthus.\u00a0<\/span><\/p><\/li><\/ul><\/div>\n\t\t\t\t\t\t\t\t\t<div class=\"elementor-tab-title elementor-tab-mobile-title\" aria-selected=\"false\" data-tab=\"8\" role=\"tab\" tabindex=\"-1\" aria-controls=\"elementor-tab-content-1758\" aria-expanded=\"false\">16 de outubro<\/div>\n\t\t\t\t\t<div id=\"elementor-tab-content-1758\" class=\"elementor-tab-content elementor-clearfix\" data-tab=\"8\" role=\"tabpanel\" aria-labelledby=\"elementor-tab-title-1758\" tabindex=\"0\" hidden=\"hidden\"><ul><li><p style=\"font-weight: 400;\"><b>16h<\/b><span style=\"font-weight: 400;\"> \u2013 \u201cAs Duas Mulheres e o C\u00e9u\u201d, com Alessandra Barros, \u201cHist\u00f3ria da Folha de Papel\u201d, com Cristina Leite, e \u201cA Sina da Sapa Cristina\u201d, com Let\u00edcia Mour\u00e3o.<\/span><\/p><\/li><li><p style=\"font-weight: 400;\"><b>17h &#8211;<\/b><span style=\"font-weight: 400;\"> \u201cBa\u00fa de Hist\u00f3rias\u201d (Grupo Paepalanthus).<\/span><\/p><\/li><\/ul><\/div>\n\t\t\t\t\t\t\t<\/div>\n\t\t<\/div>\n\t\t\t\t<\/div>\n\t\t\t\t<\/div>\n\t\t\t\t\t<\/div>\n\t\t<\/div>\n\t\t\t\t\t<\/div>\n\t\t<\/section>\n\t\t\t\t<section class=\"elementor-section elementor-top-section elementor-element elementor-element-1c5422e elementor-section-boxed elementor-section-height-default elementor-section-height-default\" data-id=\"1c5422e\" data-element_type=\"section\">\n\t\t\t\t\t\t<div class=\"elementor-container elementor-column-gap-default\">\n\t\t\t\t\t<div class=\"elementor-column elementor-col-100 elementor-top-column elementor-element elementor-element-51e3a11\" data-id=\"51e3a11\" data-element_type=\"column\">\n\t\t\t<div class=\"elementor-widget-wrap elementor-element-populated\">\n\t\t\t\t\t\t<div class=\"elementor-element elementor-element-a024b2a elementor-widget elementor-widget-heading\" data-id=\"a024b2a\" data-element_type=\"widget\" data-widget_type=\"heading.default\">\n\t\t\t\t<div class=\"elementor-widget-container\">\n\t\t\t<h2 class=\"elementor-heading-title elementor-size-xl\">II FESTIVAL HORIZONTE DE HIST\u00d3RIAS<\/h2>\t\t<\/div>\n\t\t\t\t<\/div>\n\t\t\t\t\t<\/div>\n\t\t<\/div>\n\t\t\t\t\t<\/div>\n\t\t<\/section>\n\t\t\t\t<section class=\"elementor-section elementor-top-section elementor-element elementor-element-239e49e elementor-section-boxed elementor-section-height-default elementor-section-height-default\" data-id=\"239e49e\" data-element_type=\"section\">\n\t\t\t\t\t\t<div class=\"elementor-container elementor-column-gap-default\">\n\t\t\t\t\t<div class=\"elementor-column elementor-col-100 elementor-top-column elementor-element elementor-element-c3f0d2b\" data-id=\"c3f0d2b\" data-element_type=\"column\">\n\t\t\t<div class=\"elementor-widget-wrap elementor-element-populated\">\n\t\t\t\t\t\t<div class=\"elementor-element elementor-element-d8c41df elementor-widget elementor-widget-text-editor\" data-id=\"d8c41df\" data-element_type=\"widget\" data-widget_type=\"text-editor.default\">\n\t\t\t\t<div class=\"elementor-widget-container\">\n\t\t\t<style>\/*! elementor - v3.19.0 - 07-02-2024 *\/\n.elementor-widget-text-editor.elementor-drop-cap-view-stacked .elementor-drop-cap{background-color:#69727d;color:#fff}.elementor-widget-text-editor.elementor-drop-cap-view-framed .elementor-drop-cap{color:#69727d;border:3px solid;background-color:transparent}.elementor-widget-text-editor:not(.elementor-drop-cap-view-default) .elementor-drop-cap{margin-top:8px}.elementor-widget-text-editor:not(.elementor-drop-cap-view-default) .elementor-drop-cap-letter{width:1em;height:1em}.elementor-widget-text-editor .elementor-drop-cap{float:left;text-align:center;line-height:1;font-size:50px}.elementor-widget-text-editor .elementor-drop-cap-letter{display:inline-block}<\/style>\t\t\t\t<p><span style=\"font-weight: 400;\">De 12 a 16 de outubro, na Sala Marco Ant\u00f4nio Guimar\u00e3es, no Espa\u00e7o Cultural Renato Russo (508 Sul), a partir das 16h, entrada franca. Classifica\u00e7\u00e3o livre.<\/span><\/p>\t\t\t\t\t\t<\/div>\n\t\t\t\t<\/div>\n\t\t\t\t\t<\/div>\n\t\t<\/div>\n\t\t\t\t\t<\/div>\n\t\t<\/section>\n\t\t\t\t<\/div>\n\t\t","protected":false},"excerpt":{"rendered":"<p>Programa\u00e7\u00e3o 7 de outubro 10 de outubro 11 de outubro 12 de outubro 13 de outubro 14 de outubro 15 de outubro 16 de outubro 7 de outubro 8h &#8211; \u201cHist\u00f3rias de Bras\u00edlia\u201d, com Marcelo Ferreira, na Escola Classe 419 de Samambaia. 10 de outubro 15h \u2013 Oficina \u201cConta\u00e7\u00e3o de Povos e Mitos Tradicionais\u201d, com [&hellip;]<\/p>\n","protected":false},"author":1,"featured_media":0,"parent":27,"menu_order":0,"comment_status":"closed","ping_status":"closed","template":"","meta":{"om_disable_all_campaigns":false,"_monsterinsights_skip_tracking":false,"_monsterinsights_sitenote_active":false,"_monsterinsights_sitenote_note":"","_monsterinsights_sitenote_category":0,"footnotes":""},"class_list":["post-387","page","type-page","status-publish","hentry"],"aioseo_notices":[],"_links":{"self":[{"href":"https:\/\/horizontedehistorias.com\/index.php\/wp-json\/wp\/v2\/pages\/387","targetHints":{"allow":["GET"]}}],"collection":[{"href":"https:\/\/horizontedehistorias.com\/index.php\/wp-json\/wp\/v2\/pages"}],"about":[{"href":"https:\/\/horizontedehistorias.com\/index.php\/wp-json\/wp\/v2\/types\/page"}],"author":[{"embeddable":true,"href":"https:\/\/horizontedehistorias.com\/index.php\/wp-json\/wp\/v2\/users\/1"}],"replies":[{"embeddable":true,"href":"https:\/\/horizontedehistorias.com\/index.php\/wp-json\/wp\/v2\/comments?post=387"}],"version-history":[{"count":69,"href":"https:\/\/horizontedehistorias.com\/index.php\/wp-json\/wp\/v2\/pages\/387\/revisions"}],"predecessor-version":[{"id":992,"href":"https:\/\/horizontedehistorias.com\/index.php\/wp-json\/wp\/v2\/pages\/387\/revisions\/992"}],"up":[{"embeddable":true,"href":"https:\/\/horizontedehistorias.com\/index.php\/wp-json\/wp\/v2\/pages\/27"}],"wp:attachment":[{"href":"https:\/\/horizontedehistorias.com\/index.php\/wp-json\/wp\/v2\/media?parent=387"}],"curies":[{"name":"wp","href":"https:\/\/api.w.org\/{rel}","templated":true}]}}